{"id":538,"date":"2020-04-30T10:22:01","date_gmt":"2020-04-30T10:22:01","guid":{"rendered":"http:\/\/limpiezasdaviu.com\/home\/"},"modified":"2020-12-23T15:57:08","modified_gmt":"2020-12-23T15:57:08","slug":"home","status":"publish","type":"page","link":"https:\/\/limpiezasdaviu.com\/de\/","title":{"rendered":"Home"},"content":{"rendered":"<p><img width=\"555\" height=\"527\" src=\"http:\/\/limpiezasdaviu.com\/wp-content\/uploads\/2020\/12\/home-about-us.png\" alt=\"\" loading=\"lazy\" srcset=\"https:\/\/limpiezasdaviu.com\/wp-content\/uploads\/2020\/12\/home-about-us.png 555w, https:\/\/limpiezasdaviu.com\/wp-content\/uploads\/2020\/12\/home-about-us-300x285.png 300w\" sizes=\"(max-width: 555px) 100vw, 555px\" \/>\t\t\t\t\t\t\t\t\t\t\t<\/p>\n<h2>\u00dcber uns<\/h2>\n<h3>Mehr als 35 Jahre Erfahrung<\/h3>\n<h3>in der industriellen Reinigung<\/h3>\n<p>\t\tLIMPIEZAS DAVIU wurde 1985 mit dem Ziel geboren, im Segment der professionellen Reinigung und Wartung, zwei Unterscheidungselemente zu erreichen, zus\u00e4tzlich zu Qualit\u00e4t, Preis, Service und Termin. Diese sind die Familienbehandlung und das Vertrauen, das sich im Laufe der Jahre zeigt, in dem LIMPIEZAS DAVIU gewachsen ist, sowohl bei den Kunden als auch in der gut gemachten Arbeit, innerhalb der festgelegten Frist.\t\t<\/p>\n<h2>1.<\/h2>\n<h3>QUALIT\u00c4T, PREIS, SERVICE UND TERMIN<\/h3>\n<h2>2.<\/h2>\n<h3>FAMILIENBEHANDLUNG + VERTRAUEN<\/h3>\n<h2>DAVIU-REINIGUNGSSPEZIFIKATIONEN<\/h2>\n<p>\t\t\t\t\t\t\t\t\t\t<img width=\"96\" height=\"96\" src=\"http:\/\/limpiezasdaviu.com\/wp-content\/uploads\/2020\/12\/ico-oficina.png\" alt=\"\" loading=\"lazy\" \/>\t\t\t\t\t\t\t\t\t\t\t<\/p>\n<h3>Wartung von B\u00fcros, Unternehmen, B\u00fcros<\/h3>\n<p>\t\t\t\t\t\t\t\t\t\t<img width=\"96\" height=\"96\" src=\"http:\/\/limpiezasdaviu.com\/wp-content\/uploads\/2020\/12\/ico-obres.png\" alt=\"\" loading=\"lazy\" \/>\t\t\t\t\t\t\t\t\t\t\t<\/p>\n<h3>Standortreinigung (grob und fein)<\/h3>\n<p>\t\t\t\t\t\t\t\t\t\t<img width=\"96\" height=\"96\" src=\"http:\/\/limpiezasdaviu.com\/wp-content\/uploads\/2020\/12\/ico-neteja-finestres.png\" alt=\"\" loading=\"lazy\" \/>\t\t\t\t\t\t\t\t\t\t\t<\/p>\n<h3>Vertikale Reinigung der Fassaden<\/h3>\n<p>\t\t\t\t\t\t\t\t\t\t<img width=\"96\" height=\"96\" src=\"http:\/\/limpiezasdaviu.com\/wp-content\/uploads\/2020\/12\/ico-suelos.png\" alt=\"\" loading=\"lazy\" \/>\t\t\t\t\t\t\t\t\t\t\t<\/p>\n<h3>Bodenbehandlung<\/h3>\n<p>\t\t\t\t\t\t\t\t\t\t<img width=\"96\" height=\"96\" src=\"http:\/\/limpiezasdaviu.com\/wp-content\/uploads\/2020\/12\/ico-unifamiliar.png\" alt=\"\" loading=\"lazy\" \/>\t\t\t\t\t\t\t\t\t\t\t<\/p>\n<h3>Privath\u00e4user<\/h3>\n<p>\t\t\t\t\t\t\t\t\t\t<img width=\"96\" height=\"96\" src=\"http:\/\/limpiezasdaviu.com\/wp-content\/uploads\/2020\/04\/service-icon1.png\" alt=\"\" loading=\"lazy\" \/>\t\t\t\t\t\t\t\t\t\t\t<\/p>\n<h3>Nachbarschaftsgemeinschaften<\/h3>\n<p>\t\t\t\t\t\t\t\t\t\t<img width=\"96\" height=\"96\" src=\"http:\/\/limpiezasdaviu.com\/wp-content\/uploads\/2020\/12\/ico-supermercat.png\" alt=\"\" loading=\"lazy\" \/>\t\t\t\t\t\t\t\t\t\t\t<\/p>\n<h3>Reinigung gro\u00dfer Gewerbefl\u00e4chen<\/h3>\n<p>\t\t\t\t\t\t\t\t\t\t<img width=\"96\" height=\"96\" src=\"http:\/\/limpiezasdaviu.com\/wp-content\/uploads\/2020\/12\/ico-parking.png\" alt=\"\" loading=\"lazy\" \/>\t\t\t\t\t\t\t\t\t\t\t<\/p>\n<h3>Parkplatzreinigung<\/h3>\n<h2>LD PREMIUM<\/h2>\n<p><strong>LIMPIEZAS DAVIU<\/strong> erweitert sein Angebot um die Abteilungen Concierge, Park- und Gartenpflege, Sanit\u00e4r, Elektrizit\u00e4t und wir erneuern mit <strong>LD PREMIUM<\/strong>, einem 24-Stunden-Service f\u00fcr die exklusivsten Kunden, die neben den Funktionen, die <strong>LIMPIEZAS DAVIU<\/strong> ausmachen, eine dringende, schnelle und effektive L\u00f6sung ben\u00f6tigen, sowohl rechtzeitig als auch bei der Realisierung der gew\u00fcnschten Bestellung.<\/p>\n<p>\t\t\t<a href=\"#contacto\" role=\"button\"><br \/>\n\t\t\t\t\t\tHIRE LD PREMIUM<br \/>\n\t\t\t\t\t<\/a><br \/>\n\t\t\t\t\t\t\t\t\t\t<img width=\"760\" height=\"507\" src=\"http:\/\/limpiezasdaviu.com\/wp-content\/uploads\/2020\/12\/home-premium.png\" alt=\"\" loading=\"lazy\" srcset=\"https:\/\/limpiezasdaviu.com\/wp-content\/uploads\/2020\/12\/home-premium.png 760w, https:\/\/limpiezasdaviu.com\/wp-content\/uploads\/2020\/12\/home-premium-300x200.png 300w\" sizes=\"(max-width: 760px) 100vw, 760px\" \/>\t\t\t\t\t\t\t\t\t\t\t<\/p>\n<h3>Unternehmen, die uns unter anderem vertraut haben, sind:<\/h3>\n<figure><img src=\"http:\/\/limpiezasdaviu.com\/wp-content\/uploads\/2020\/12\/logo-aeroport.jpg\" alt=\"logo-aeroport\" \/><\/figure>\n<figure><img src=\"http:\/\/limpiezasdaviu.com\/wp-content\/uploads\/2020\/12\/logo-intermodal.jpg\" alt=\"logo-intermodal\" \/><\/figure>\n<figure><img src=\"http:\/\/limpiezasdaviu.com\/wp-content\/uploads\/2020\/12\/logo-parc-estacions.jpg\" alt=\"logo-parc-estacions\" \/><\/figure>\n<figure><img src=\"http:\/\/limpiezasdaviu.com\/wp-content\/uploads\/2020\/12\/logo-rafa-nadal.jpg\" alt=\"logo-rafa-nadal\" \/><\/figure>\n<figure><img src=\"http:\/\/limpiezasdaviu.com\/wp-content\/uploads\/2020\/12\/logo-son-espases.jpg\" alt=\"logo-son-espases\" \/><\/figure>\n<figure><img src=\"http:\/\/limpiezasdaviu.com\/wp-content\/uploads\/2020\/12\/logo-teatre-principal.jpg\" alt=\"logo-teatre-principal\" \/><\/figure>\n<figure><img src=\"http:\/\/limpiezasdaviu.com\/wp-content\/uploads\/2020\/12\/logo-velodrom-ib.jpg\" alt=\"logo-velodrom-ib\" \/><\/figure>\n<p>\t\t\t\t\t\tAnterior<br \/>\n\t\t\t\t\t\tSiguiente<\/p>\n<h4>Zus\u00e4tzlich zu den oben genannten unternehmen wie IBAVI, TAYLOR WIMPEY, FCC, DRAGADOS und viele mehr haben sich auf LIMPIEZAS DAVIU verlassen, synonym f\u00fcr eine gute Leistung.<\/h4>\n<h3>KONTAKT<\/h3>\n<h4>Kontaktieren Sie uns. Ihre Zufriedenheit ist unser Anschreiben.<\/h4>\n<p style=\"text-align: center;\"><div role=\"form\" class=\"wpcf7\" id=\"wpcf7-f578-o1\" lang=\"es-ES\" dir=\"ltr\">\n<div class=\"screen-reader-response\"><p role=\"status\" aria-live=\"polite\" aria-atomic=\"true\"><\/p> <ul><\/ul><\/div>\n<form action=\"\/de\/wp-json\/wp\/v2\/pages\/538#wpcf7-f578-o1\" method=\"post\" class=\"wpcf7-form init\" novalidate=\"novalidate\" data-status=\"init\">\n<div style=\"display: none;\">\n<input type=\"hidden\" name=\"_wpcf7\" value=\"578\" \/>\n<input type=\"hidden\" name=\"_wpcf7_version\" value=\"5.3.2\" \/>\n<input type=\"hidden\" name=\"_wpcf7_locale\" value=\"es_ES\" \/>\n<input type=\"hidden\" name=\"_wpcf7_unit_tag\" value=\"wpcf7-f578-o1\" \/>\n<input type=\"hidden\" name=\"_wpcf7_container_post\" value=\"0\" \/>\n<input type=\"hidden\" name=\"_wpcf7_posted_data_hash\" value=\"\" \/>\n<input type=\"hidden\" name=\"_wpcf7_recaptcha_response\" value=\"\" \/>\n<\/div>\n<p><span class=\"wpcf7-form-control-wrap your-name\"><input type=\"text\" name=\"your-name\" value=\"\" size=\"40\" class=\"wpcf7-form-control wpcf7-text wpcf7-validates-as-required\" aria-required=\"true\" aria-invalid=\"false\" placeholder=\"Name und Nachname\" \/><\/span> <\/p>\n<p><span class=\"wpcf7-form-control-wrap your-email\"><input type=\"email\" name=\"your-email\" value=\"\" size=\"40\" class=\"wpcf7-form-control wpcf7-text wpcf7-email wpcf7-validates-as-required wpcf7-validates-as-email\" aria-required=\"true\" aria-invalid=\"false\" placeholder=\"Email\" \/><\/span><br \/>\n<span class=\"wpcf7-form-control-wrap telefono\"><input type=\"tel\" name=\"telefono\" value=\"\" size=\"40\" class=\"wpcf7-form-control wpcf7-text wpcf7-tel wpcf7-validates-as-tel\" aria-invalid=\"false\" placeholder=\"+34 000 000 000\" \/><\/span><\/p>\n<p><span class=\"wpcf7-form-control-wrap empresa\"><input type=\"text\" name=\"empresa\" value=\"\" size=\"40\" class=\"wpcf7-form-control wpcf7-text\" aria-invalid=\"false\" placeholder=\"Name der Firma\" \/><\/span><\/p>\n<p><span class=\"wpcf7-form-control-wrap your-message\"><textarea name=\"your-message\" cols=\"40\" rows=\"10\" class=\"wpcf7-form-control wpcf7-textarea\" aria-invalid=\"false\" placeholder=\"Deine Nachricht\"><\/textarea><\/span> <\/p>\n<p style=\"text-align:center;\"><input type=\"submit\" value=\"Senden\" class=\"wpcf7-form-control wpcf7-submit\" \/><\/p>\n<div class=\"wpcf7-response-output\" aria-hidden=\"true\"><\/div><\/form><\/div><\/p>\n<h3>ARBEITE MIT UNS<\/h3>\n<h4>Sie m\u00f6chten mit uns zusammenarbeiten? Reichen Sie Ihren Lebenslauf ein und markieren Sie die Abteilung, in der Sie am besten passen (Reinigung, Concierge, Wartung). Wir warten auf Sie!<\/h4>\n<div role=\"form\" class=\"wpcf7\" id=\"wpcf7-f580-o2\" lang=\"es-ES\" dir=\"ltr\">\n<div class=\"screen-reader-response\"><p role=\"status\" aria-live=\"polite\" aria-atomic=\"true\"><\/p> <ul><\/ul><\/div>\n<form action=\"\/de\/wp-json\/wp\/v2\/pages\/538#wpcf7-f580-o2\" method=\"post\" class=\"wpcf7-form init\" enctype=\"multipart\/form-data\" novalidate=\"novalidate\" data-status=\"init\">\n<div style=\"display: none;\">\n<input type=\"hidden\" name=\"_wpcf7\" value=\"580\" \/>\n<input type=\"hidden\" name=\"_wpcf7_version\" value=\"5.3.2\" \/>\n<input type=\"hidden\" name=\"_wpcf7_locale\" value=\"es_ES\" \/>\n<input type=\"hidden\" name=\"_wpcf7_unit_tag\" value=\"wpcf7-f580-o2\" \/>\n<input type=\"hidden\" name=\"_wpcf7_container_post\" value=\"0\" \/>\n<input type=\"hidden\" name=\"_wpcf7_posted_data_hash\" value=\"\" \/>\n<input type=\"hidden\" name=\"_wpcf7_recaptcha_response\" value=\"\" \/>\n<\/div>\n<p><span class=\"wpcf7-form-control-wrap your-name\"><input type=\"text\" name=\"your-name\" value=\"Name und Nachname\" size=\"40\" class=\"wpcf7-form-control wpcf7-text wpcf7-validates-as-required\" aria-required=\"true\" aria-invalid=\"false\" \/><\/span> <\/p>\n<p><span class=\"wpcf7-form-control-wrap your-email\"><input type=\"email\" name=\"your-email\" value=\"\" size=\"40\" class=\"wpcf7-form-control wpcf7-text wpcf7-email wpcf7-validates-as-required wpcf7-validates-as-email\" aria-required=\"true\" aria-invalid=\"false\" placeholder=\"Email\" \/><\/span><br \/>\n<span class=\"wpcf7-form-control-wrap telefono\"><input type=\"tel\" name=\"telefono\" value=\"\" size=\"40\" class=\"wpcf7-form-control wpcf7-text wpcf7-tel wpcf7-validates-as-tel\" aria-invalid=\"false\" placeholder=\"+34 000 000 000\" \/><\/span><br \/>\n<span class=\"wpcf7-form-control-wrap cv\"><input type=\"file\" name=\"cv\" size=\"40\" class=\"wpcf7-form-control wpcf7-file wpcf7-validates-as-required\" accept=\".jpg,.jpeg,.png,.gif,.pdf,.doc,.docx,.ppt,.pptx,.odt,.avi,.ogg,.m4a,.mov,.mp3,.mp4,.mpg,.wav,.wmv\" aria-required=\"true\" aria-invalid=\"false\" \/><\/span><\/p>\n<p><span class=\"wpcf7-form-control-wrap your-message\"><textarea name=\"your-message\" cols=\"40\" rows=\"10\" class=\"wpcf7-form-control wpcf7-textarea\" aria-invalid=\"false\" placeholder=\"Deine Nachricht\"><\/textarea><\/span> <\/p>\n<p><span style=\"text-align:center;\"><input type=\"submit\" value=\"Senden\" class=\"wpcf7-form-control wpcf7-submit\" \/><\/span><\/p>\n<div class=\"wpcf7-response-output\" aria-hidden=\"true\"><\/div><\/form><\/div>\n","protected":false},"excerpt":{"rendered":"<p>\u00dcber uns Mehr als 35 Jahre Erfahrung in der industriellen Reinigung LIMPIEZAS DAVIU wurde 1985 mit dem Ziel geboren, im Segment der professionellen Reinigung und Wartung, zwei Unterscheidungselemente zu erreichen, zus\u00e4tzlich zu Qualit\u00e4t, Preis, Service und Termin. Diese sind die Familienbehandlung und das Vertrauen, das sich im Laufe der Jahre zeigt, in dem LIMPIEZAS DAVIU<br \/><a class=\"moretag\" href=\"https:\/\/limpiezasdaviu.com\/de\/\">+ Read More<\/a><\/p>\n","protected":false},"author":1,"featured_media":0,"parent":0,"menu_order":0,"comment_status":"closed","ping_status":"closed","template":"","meta":{"_monsterinsights_skip_tracking":false,"_monsterinsights_sitenote_active":false,"_monsterinsights_sitenote_note":"","_monsterinsights_sitenote_category":0},"yoast_head":"<!-- This site is optimized with the Yoast SEO plugin v16.7 - https:\/\/yoast.com\/wordpress\/plugins\/seo\/ -->\n<title>Home - LIMPIEZAS DAVIU<\/title>\n<meta name=\"robots\" content=\"index, follow, max-snippet:-1, max-image-preview:large, max-video-preview:-1\" \/>\n<link rel=\"canonical\" href=\"https:\/\/limpiezasdaviu.com\/de\/\" \/>\n<meta property=\"og:locale\" content=\"de_DE\" \/>\n<meta property=\"og:type\" content=\"article\" \/>\n<meta property=\"og:title\" content=\"Home - LIMPIEZAS DAVIU\" \/>\n<meta property=\"og:description\" content=\"\u00dcber uns Mehr als 35 Jahre Erfahrung in der industriellen Reinigung LIMPIEZAS DAVIU wurde 1985 mit dem Ziel geboren, im Segment der professionellen Reinigung und Wartung, zwei Unterscheidungselemente zu erreichen, zus\u00e4tzlich zu Qualit\u00e4t, Preis, Service und Termin. Diese sind die Familienbehandlung und das Vertrauen, das sich im Laufe der Jahre zeigt, in dem LIMPIEZAS DAVIU+ Read More\" \/>\n<meta property=\"og:url\" content=\"https:\/\/limpiezasdaviu.com\/de\/\" \/>\n<meta property=\"og:site_name\" content=\"LIMPIEZAS DAVIU\" \/>\n<meta property=\"article:modified_time\" content=\"2020-12-23T15:57:08+00:00\" \/>\n<meta property=\"og:image\" content=\"http:\/\/limpiezasdaviu.com\/wp-content\/uploads\/2020\/12\/home-about-us.png\" \/>\n<meta name=\"twitter:card\" content=\"summary_large_image\" \/>\n<meta name=\"twitter:label1\" content=\"Gesch\u00e4tzte Lesezeit\" \/>\n\t<meta name=\"twitter:data1\" content=\"1\u00a0Minute\" \/>\n<script type=\"application\/ld+json\" class=\"yoast-schema-graph\">{\"@context\":\"https:\/\/schema.org\",\"@graph\":[{\"@type\":\"Organization\",\"@id\":\"https:\/\/limpiezasdaviu.com\/#organization\",\"name\":\"Limpiezas Daviu Mallorca\",\"url\":\"https:\/\/limpiezasdaviu.com\/\",\"sameAs\":[],\"logo\":{\"@type\":\"ImageObject\",\"@id\":\"https:\/\/limpiezasdaviu.com\/#logo\",\"inLanguage\":\"de\",\"url\":\"https:\/\/limpiezasdaviu.com\/wp-content\/uploads\/2020\/05\/logo-horizontal.png\",\"contentUrl\":\"https:\/\/limpiezasdaviu.com\/wp-content\/uploads\/2020\/05\/logo-horizontal.png\",\"width\":1347,\"height\":405,\"caption\":\"Limpiezas Daviu Mallorca\"},\"image\":{\"@id\":\"https:\/\/limpiezasdaviu.com\/#logo\"}},{\"@type\":\"WebSite\",\"@id\":\"https:\/\/limpiezasdaviu.com\/#website\",\"url\":\"https:\/\/limpiezasdaviu.com\/\",\"name\":\"LIMPIEZAS DAVIU\",\"description\":\"Servico de limpieza en Palma de Mallorca. Calidad y buen precio.\",\"publisher\":{\"@id\":\"https:\/\/limpiezasdaviu.com\/#organization\"},\"potentialAction\":[{\"@type\":\"SearchAction\",\"target\":{\"@type\":\"EntryPoint\",\"urlTemplate\":\"https:\/\/limpiezasdaviu.com\/?s={search_term_string}\"},\"query-input\":\"required name=search_term_string\"}],\"inLanguage\":\"de\"},{\"@type\":\"ImageObject\",\"@id\":\"https:\/\/limpiezasdaviu.com\/de\/#primaryimage\",\"inLanguage\":\"de\",\"url\":\"http:\/\/limpiezasdaviu.com\/wp-content\/uploads\/2020\/12\/home-about-us.png\",\"contentUrl\":\"http:\/\/limpiezasdaviu.com\/wp-content\/uploads\/2020\/12\/home-about-us.png\"},{\"@type\":\"WebPage\",\"@id\":\"https:\/\/limpiezasdaviu.com\/de\/#webpage\",\"url\":\"https:\/\/limpiezasdaviu.com\/de\/\",\"name\":\"Home - LIMPIEZAS DAVIU\",\"isPartOf\":{\"@id\":\"https:\/\/limpiezasdaviu.com\/#website\"},\"primaryImageOfPage\":{\"@id\":\"https:\/\/limpiezasdaviu.com\/de\/#primaryimage\"},\"datePublished\":\"2020-04-30T10:22:01+00:00\",\"dateModified\":\"2020-12-23T15:57:08+00:00\",\"breadcrumb\":{\"@id\":\"https:\/\/limpiezasdaviu.com\/de\/#breadcrumb\"},\"inLanguage\":\"de\",\"potentialAction\":[{\"@type\":\"ReadAction\",\"target\":[\"https:\/\/limpiezasdaviu.com\/de\/\"]}]},{\"@type\":\"BreadcrumbList\",\"@id\":\"https:\/\/limpiezasdaviu.com\/de\/#breadcrumb\",\"itemListElement\":[{\"@type\":\"ListItem\",\"position\":1,\"name\":\"Portada\",\"item\":\"https:\/\/limpiezasdaviu.com\/de\/\"},{\"@type\":\"ListItem\",\"position\":2,\"name\":\"Home\"}]}]}<\/script>\n<!-- \/ Yoast SEO plugin. -->","yoast_head_json":{"title":"Home - LIMPIEZAS DAVIU","robots":{"index":"index","follow":"follow","max-snippet":"max-snippet:-1","max-image-preview":"max-image-preview:large","max-video-preview":"max-video-preview:-1"},"canonical":"https:\/\/limpiezasdaviu.com\/de\/","og_locale":"de_DE","og_type":"article","og_title":"Home - LIMPIEZAS DAVIU","og_description":"\u00dcber uns Mehr als 35 Jahre Erfahrung in der industriellen Reinigung LIMPIEZAS DAVIU wurde 1985 mit dem Ziel geboren, im Segment der professionellen Reinigung und Wartung, zwei Unterscheidungselemente zu erreichen, zus\u00e4tzlich zu Qualit\u00e4t, Preis, Service und Termin. Diese sind die Familienbehandlung und das Vertrauen, das sich im Laufe der Jahre zeigt, in dem LIMPIEZAS DAVIU+ Read More","og_url":"https:\/\/limpiezasdaviu.com\/de\/","og_site_name":"LIMPIEZAS DAVIU","article_modified_time":"2020-12-23T15:57:08+00:00","og_image":[{"url":"http:\/\/limpiezasdaviu.com\/wp-content\/uploads\/2020\/12\/home-about-us.png"}],"twitter_card":"summary_large_image","twitter_misc":{"Gesch\u00e4tzte Lesezeit":"1\u00a0Minute"},"schema":{"@context":"https:\/\/schema.org","@graph":[{"@type":"Organization","@id":"https:\/\/limpiezasdaviu.com\/#organization","name":"Limpiezas Daviu Mallorca","url":"https:\/\/limpiezasdaviu.com\/","sameAs":[],"logo":{"@type":"ImageObject","@id":"https:\/\/limpiezasdaviu.com\/#logo","inLanguage":"de","url":"https:\/\/limpiezasdaviu.com\/wp-content\/uploads\/2020\/05\/logo-horizontal.png","contentUrl":"https:\/\/limpiezasdaviu.com\/wp-content\/uploads\/2020\/05\/logo-horizontal.png","width":1347,"height":405,"caption":"Limpiezas Daviu Mallorca"},"image":{"@id":"https:\/\/limpiezasdaviu.com\/#logo"}},{"@type":"WebSite","@id":"https:\/\/limpiezasdaviu.com\/#website","url":"https:\/\/limpiezasdaviu.com\/","name":"LIMPIEZAS DAVIU","description":"Servico de limpieza en Palma de Mallorca. Calidad y buen precio.","publisher":{"@id":"https:\/\/limpiezasdaviu.com\/#organization"},"potentialAction":[{"@type":"SearchAction","target":{"@type":"EntryPoint","urlTemplate":"https:\/\/limpiezasdaviu.com\/?s={search_term_string}"},"query-input":"required name=search_term_string"}],"inLanguage":"de"},{"@type":"ImageObject","@id":"https:\/\/limpiezasdaviu.com\/de\/#primaryimage","inLanguage":"de","url":"http:\/\/limpiezasdaviu.com\/wp-content\/uploads\/2020\/12\/home-about-us.png","contentUrl":"http:\/\/limpiezasdaviu.com\/wp-content\/uploads\/2020\/12\/home-about-us.png"},{"@type":"WebPage","@id":"https:\/\/limpiezasdaviu.com\/de\/#webpage","url":"https:\/\/limpiezasdaviu.com\/de\/","name":"Home - LIMPIEZAS DAVIU","isPartOf":{"@id":"https:\/\/limpiezasdaviu.com\/#website"},"primaryImageOfPage":{"@id":"https:\/\/limpiezasdaviu.com\/de\/#primaryimage"},"datePublished":"2020-04-30T10:22:01+00:00","dateModified":"2020-12-23T15:57:08+00:00","breadcrumb":{"@id":"https:\/\/limpiezasdaviu.com\/de\/#breadcrumb"},"inLanguage":"de","potentialAction":[{"@type":"ReadAction","target":["https:\/\/limpiezasdaviu.com\/de\/"]}]},{"@type":"BreadcrumbList","@id":"https:\/\/limpiezasdaviu.com\/de\/#breadcrumb","itemListElement":[{"@type":"ListItem","position":1,"name":"Portada","item":"https:\/\/limpiezasdaviu.com\/de\/"},{"@type":"ListItem","position":2,"name":"Home"}]}]}},"_links":{"self":[{"href":"https:\/\/limpiezasdaviu.com\/de\/wp-json\/wp\/v2\/pages\/538"}],"collection":[{"href":"https:\/\/limpiezasdaviu.com\/de\/wp-json\/wp\/v2\/pages"}],"about":[{"href":"https:\/\/limpiezasdaviu.com\/de\/wp-json\/wp\/v2\/types\/page"}],"author":[{"embeddable":true,"href":"https:\/\/limpiezasdaviu.com\/de\/wp-json\/wp\/v2\/users\/1"}],"replies":[{"embeddable":true,"href":"https:\/\/limpiezasdaviu.com\/de\/wp-json\/wp\/v2\/comments?post=538"}],"version-history":[{"count":3,"href":"https:\/\/limpiezasdaviu.com\/de\/wp-json\/wp\/v2\/pages\/538\/revisions"}],"predecessor-version":[{"id":620,"href":"https:\/\/limpiezasdaviu.com\/de\/wp-json\/wp\/v2\/pages\/538\/revisions\/620"}],"wp:attachment":[{"href":"https:\/\/limpiezasdaviu.com\/de\/wp-json\/wp\/v2\/media?parent=538"}],"curies":[{"name":"wp","href":"https:\/\/api.w.org\/{rel}","templated":true}]}}